{"id":905,"date":"2025-03-26T21:27:46","date_gmt":"2025-03-26T19:27:46","guid":{"rendered":"https:\/\/aroniawohnen.ch\/wordpress\/?page_id=905"},"modified":"2025-03-26T21:27:46","modified_gmt":"2025-03-26T19:27:46","slug":"werte","status":"publish","type":"page","link":"https:\/\/aroniawohnen.ch\/wordpress\/?page_id=905","title":{"rendered":"Werte"},"content":{"rendered":"\n<p>Wir ordnen sie  um den zentralen Wert \u00abgemeinsam\u00bb an, weil wir das Gemeinsame f\u00f6rdern und der Vereinsamung entgegenwirken wollen. <\/p>\n\n\n\n<figure class=\"wp-block-image size-full\"><img loading=\"lazy\" decoding=\"async\" width=\"953\" height=\"463\" src=\"https:\/\/aroniawohnen.ch\/wordpress\/wp-content\/uploads\/2022\/03\/Namen-u-Werte1.png\" alt=\"\" class=\"wp-image-367\" srcset=\"https:\/\/aroniawohnen.ch\/wordpress\/wp-content\/uploads\/2022\/03\/Namen-u-Werte1.png 953w, https:\/\/aroniawohnen.ch\/wordpress\/wp-content\/uploads\/2022\/03\/Namen-u-Werte1-300x146.png 300w, https:\/\/aroniawohnen.ch\/wordpress\/wp-content\/uploads\/2022\/03\/Namen-u-Werte1-768x373.png 768w\" sizes=\"auto, (max-width: 767px) 89vw, (max-width: 1000px) 54vw, (max-width: 1071px) 543px, 580px\" \/><\/figure>\n\n\n\n<figure class=\"wp-block-image size-large\"><img loading=\"lazy\" decoding=\"async\" width=\"1024\" height=\"58\" src=\"https:\/\/aroniawohnen.ch\/wordpress\/wp-content\/uploads\/2022\/03\/gemeinsam-1-1024x58.png\" alt=\"\" class=\"wp-image-307\" srcset=\"https:\/\/aroniawohnen.ch\/wordpress\/wp-content\/uploads\/2022\/03\/gemeinsam-1-1024x58.png 1024w, https:\/\/aroniawohnen.ch\/wordpress\/wp-content\/uploads\/2022\/03\/gemeinsam-1-300x17.png 300w, https:\/\/aroniawohnen.ch\/wordpress\/wp-content\/uploads\/2022\/03\/gemeinsam-1-768x43.png 768w, https:\/\/aroniawohnen.ch\/wordpress\/wp-content\/uploads\/2022\/03\/gemeinsam-1.png 1029w\" sizes=\"auto, (max-width: 767px) 89vw, (max-width: 1000px) 54vw, (max-width: 1071px) 543px, 580px\" \/><\/figure>\n\n\n\n<p>Mit kontaktf\u00f6rdernder Architektur werden gemeinschaftliche R\u00e4ume und Begegnungszonen geschaffen. Durch Teilen von R\u00e4umen wird der private Fl\u00e4chenbedarf entlastet und trotzdem ein vielf\u00e4ltiges Angebot m\u00f6glich. Es ist uns wichtig, eine gute Balance zwischen R\u00fcckzugsm\u00f6glichkeit und gemeinsamem Raum zu finden.<\/p>\n\n\n\n<figure class=\"wp-block-image size-full\"><img loading=\"lazy\" decoding=\"async\" width=\"947\" height=\"68\" src=\"https:\/\/aroniawohnen.ch\/wordpress\/wp-content\/uploads\/2022\/03\/Humor1.png\" alt=\"\" class=\"wp-image-406\" srcset=\"https:\/\/aroniawohnen.ch\/wordpress\/wp-content\/uploads\/2022\/03\/Humor1.png 947w, https:\/\/aroniawohnen.ch\/wordpress\/wp-content\/uploads\/2022\/03\/Humor1-300x22.png 300w, https:\/\/aroniawohnen.ch\/wordpress\/wp-content\/uploads\/2022\/03\/Humor1-768x55.png 768w\" sizes=\"auto, (max-width: 767px) 89vw, (max-width: 1000px) 54vw, (max-width: 1071px) 543px, 580px\" \/><\/figure>\n\n\n\n<p>Wir streben einen farbenfrohen und verspielten Baustil an, der Raum f\u00fcr gemeinsames Sein und Wohlbefinden bietet.&nbsp; Spass und Musik, Theater und Tanz und alles Leichte, das unser Leben beschwingt, darf einen Platz in unserem Zuhause haben. Die Leichtigkeit des Seins und die Muse der Kunst darf befl\u00fcgeln und erheitern.<\/p>\n\n\n\n<figure class=\"wp-block-image size-large\"><img loading=\"lazy\" decoding=\"async\" width=\"1024\" height=\"62\" src=\"https:\/\/aroniawohnen.ch\/wordpress\/wp-content\/uploads\/2022\/03\/achtsam-1-1024x62.png\" alt=\"\" class=\"wp-image-265\" srcset=\"https:\/\/aroniawohnen.ch\/wordpress\/wp-content\/uploads\/2022\/03\/achtsam-1-1024x62.png 1024w, https:\/\/aroniawohnen.ch\/wordpress\/wp-content\/uploads\/2022\/03\/achtsam-1-300x18.png 300w, https:\/\/aroniawohnen.ch\/wordpress\/wp-content\/uploads\/2022\/03\/achtsam-1-768x46.png 768w, https:\/\/aroniawohnen.ch\/wordpress\/wp-content\/uploads\/2022\/03\/achtsam-1.png 1047w\" sizes=\"auto, (max-width: 767px) 89vw, (max-width: 1000px) 54vw, (max-width: 1071px) 543px, 580px\" \/><\/figure>\n\n\n\n<p>Wir pflegen einen achtsamen Umgang miteinander und mit unseren Ressourcen. Unser aller Wohlbefinden ist uns wichtig. Wir schaffen auch Raum f\u00fcr Stille, Sinnen, Bewegung und Meditation.<\/p>\n\n\n\n<figure class=\"wp-block-image size-full\"><img loading=\"lazy\" decoding=\"async\" width=\"923\" height=\"65\" src=\"https:\/\/aroniawohnen.ch\/wordpress\/wp-content\/uploads\/2022\/03\/Kreativ.png\" alt=\"\" class=\"wp-image-220\" srcset=\"https:\/\/aroniawohnen.ch\/wordpress\/wp-content\/uploads\/2022\/03\/Kreativ.png 923w, https:\/\/aroniawohnen.ch\/wordpress\/wp-content\/uploads\/2022\/03\/Kreativ-300x21.png 300w, https:\/\/aroniawohnen.ch\/wordpress\/wp-content\/uploads\/2022\/03\/Kreativ-768x54.png 768w\" sizes=\"auto, (max-width: 767px) 89vw, (max-width: 1000px) 54vw, (max-width: 1071px) 543px, 580px\" \/><\/figure>\n\n\n\n<p>Kreativ sein ist f\u00fcr uns ein Lebenselixier- sei es in der Bewegung, im Theater, in der Musik oder in anderen gestalterischen Bereichen. Dazu m\u00f6chten wir ansprechende R\u00e4ume bieten. In Workshops und Atelierr\u00e4umen wird Inspirierendes entstehen, das uns verbindet und erf\u00fcllt, vielleicht auch in Verbindung mit einem kulinarischen Angebot.<\/p>\n\n\n\n<figure class=\"wp-block-image size-full\"><img loading=\"lazy\" decoding=\"async\" width=\"923\" height=\"68\" src=\"https:\/\/aroniawohnen.ch\/wordpress\/wp-content\/uploads\/2022\/03\/Offen.png\" alt=\"\" class=\"wp-image-221\" srcset=\"https:\/\/aroniawohnen.ch\/wordpress\/wp-content\/uploads\/2022\/03\/Offen.png 923w, https:\/\/aroniawohnen.ch\/wordpress\/wp-content\/uploads\/2022\/03\/Offen-300x22.png 300w, https:\/\/aroniawohnen.ch\/wordpress\/wp-content\/uploads\/2022\/03\/Offen-768x57.png 768w\" sizes=\"auto, (max-width: 767px) 89vw, (max-width: 1000px) 54vw, (max-width: 1071px) 543px, 580px\" \/><\/figure>\n\n\n\n<p>Wir m\u00f6chten ein offenes und tolerantes Miteinander leben. Ein grosser, einladender Raum wird als Treffpunkt f\u00fcr die BewohnerInnen des Wohnprojektes und des Dorfes genutzt: Austausch- und Begegnungsort, kulinarisch und gem\u00fctlich, mit gesch\u00fctztem Innenhof f\u00fcr lauschige Sommerabende und einem Feuerplatz drinnen f\u00fcr stille Wintertage. Dazu tr\u00e4umen wir von einem Saal mit Jurablick- er soll f\u00fcr Musikalisches, Stilles und Bewegtes oder als Kurslokal dienen. Auch G\u00e4stezimmer werden nicht fehlen.<\/p>\n\n\n\n<figure class=\"wp-block-image size-large\"><img loading=\"lazy\" decoding=\"async\" width=\"1024\" height=\"64\" src=\"https:\/\/aroniawohnen.ch\/wordpress\/wp-content\/uploads\/2022\/03\/Nachhaltig-1024x64.png\" alt=\"\" class=\"wp-image-262\" srcset=\"https:\/\/aroniawohnen.ch\/wordpress\/wp-content\/uploads\/2022\/03\/Nachhaltig-1024x64.png 1024w, https:\/\/aroniawohnen.ch\/wordpress\/wp-content\/uploads\/2022\/03\/Nachhaltig-300x19.png 300w, https:\/\/aroniawohnen.ch\/wordpress\/wp-content\/uploads\/2022\/03\/Nachhaltig-768x48.png 768w, https:\/\/aroniawohnen.ch\/wordpress\/wp-content\/uploads\/2022\/03\/Nachhaltig.png 1057w\" sizes=\"auto, (max-width: 767px) 89vw, (max-width: 1000px) 54vw, (max-width: 1071px) 543px, 580px\" \/><\/figure>\n\n\n\n<p>Wir achten beim Bau und Umbau der Geb\u00e4ude auf Langlebigkeit der Werkstoffe und verwenden m\u00f6glichst umweltvertr\u00e4gliche Substanzen und nachhaltige Materialien. Der Energiebedarf wird weitgehend aus erneuerbaren Quellen gedeckt. Wir ber\u00fccksichtigen wo m\u00f6glich das lokale Gewerbe. Unser Wohnprojekt bietet Arbeits- und Erholungsm\u00f6glichkeiten und verringert das Mobilit\u00e4tsbed\u00fcrfnis.<\/p>\n\n\n\n<figure class=\"wp-block-image size-large\"><img loading=\"lazy\" decoding=\"async\" width=\"1024\" height=\"68\" src=\"https:\/\/aroniawohnen.ch\/wordpress\/wp-content\/uploads\/2022\/03\/Vielfallt-1024x68.png\" alt=\"\" class=\"wp-image-266\" srcset=\"https:\/\/aroniawohnen.ch\/wordpress\/wp-content\/uploads\/2022\/03\/Vielfallt-1024x68.png 1024w, https:\/\/aroniawohnen.ch\/wordpress\/wp-content\/uploads\/2022\/03\/Vielfallt-300x20.png 300w, https:\/\/aroniawohnen.ch\/wordpress\/wp-content\/uploads\/2022\/03\/Vielfallt-768x51.png 768w, https:\/\/aroniawohnen.ch\/wordpress\/wp-content\/uploads\/2022\/03\/Vielfallt.png 1052w\" sizes=\"auto, (max-width: 767px) 89vw, (max-width: 1000px) 54vw, (max-width: 1071px) 543px, 580px\" \/><\/figure>\n\n\n\n<p>Vielfalt in allen Bereichen ergibt einen grossen Reichtum. Unser Zusammenleben ist durch verschiedene Kulturen, Lebensstile, -abschnitte und -umst\u00e4nde gepr\u00e4gt. Dem m\u00f6chten wir in unserem Baukonzept mit flexiblen Einheiten Rechnung tragen. Auch die Bepflanzung rund um unsere Wohnungen darf biodivers und vielf\u00e4ltig gedeihen und gef\u00f6rdert werden.<\/p>\n\n\n\n<figure class=\"wp-block-image size-full\"><img loading=\"lazy\" decoding=\"async\" width=\"917\" height=\"58\" src=\"https:\/\/aroniawohnen.ch\/wordpress\/wp-content\/uploads\/2022\/03\/Aesthetik.png\" alt=\"\" class=\"wp-image-224\" srcset=\"https:\/\/aroniawohnen.ch\/wordpress\/wp-content\/uploads\/2022\/03\/Aesthetik.png 917w, https:\/\/aroniawohnen.ch\/wordpress\/wp-content\/uploads\/2022\/03\/Aesthetik-300x19.png 300w, https:\/\/aroniawohnen.ch\/wordpress\/wp-content\/uploads\/2022\/03\/Aesthetik-768x49.png 768w\" sizes=\"auto, (max-width: 767px) 89vw, (max-width: 1000px) 54vw, (max-width: 1071px) 543px, 580px\" \/><\/figure>\n\n\n\n<p>Wenn wir gestalten, achten wir auch auf \u00c4sthetik. Beim Bauen, G\u00e4rtnern und Gestalten freuen wir uns, der Sch\u00f6nheit Raum zu geben. Eine Gruppe von Interessierten kann sich damit befassen und Vorschl\u00e4ge f\u00fcr die Gemeinschaft erarbeiten.<\/p>\n\n\n\n<figure class=\"wp-block-image size-full\"><img loading=\"lazy\" decoding=\"async\" width=\"928\" height=\"61\" src=\"https:\/\/aroniawohnen.ch\/wordpress\/wp-content\/uploads\/2022\/03\/Engagement.png\" alt=\"\" class=\"wp-image-260\" srcset=\"https:\/\/aroniawohnen.ch\/wordpress\/wp-content\/uploads\/2022\/03\/Engagement.png 928w, https:\/\/aroniawohnen.ch\/wordpress\/wp-content\/uploads\/2022\/03\/Engagement-300x20.png 300w, https:\/\/aroniawohnen.ch\/wordpress\/wp-content\/uploads\/2022\/03\/Engagement-768x50.png 768w\" sizes=\"auto, (max-width: 767px) 89vw, (max-width: 1000px) 54vw, (max-width: 1071px) 543px, 580px\" \/><\/figure>\n\n\n\n<p>Wir wollen uns engagieren und vernetzt sein:&nbsp; Talente von Bewohner*innen oder Weiterbildungen von Fachleuten sollen die Gemeinschaft bereichern und neue Impulse geben. Mit \u00e4hnlichen Projekten k\u00f6nnen wir Gedankenaustausch pflegen und uns weiterentwickeln.<\/p>\n","protected":false},"excerpt":{"rendered":"<p>Wir ordnen sie um den zentralen Wert \u00abgemeinsam\u00bb an, weil wir das Gemeinsame f\u00f6rdern und der Vereinsamung entgegenwirken wollen. Mit kontaktf\u00f6rdernder Architektur werden gemeinschaftliche R\u00e4ume und Begegnungszonen geschaffen. Durch Teilen von R\u00e4umen wird der private Fl\u00e4chenbedarf entlastet und trotzdem ein vielf\u00e4ltiges Angebot m\u00f6glich. Es ist uns wichtig, eine gute Balance zwischen R\u00fcckzugsm\u00f6glichkeit und gemeinsamem Raum &hellip; <\/p>\n<p class=\"link-more\"><a href=\"https:\/\/aroniawohnen.ch\/wordpress\/?page_id=905\" class=\"more-link\"><span class=\"screen-reader-text\">&#171;Werte&#187;<\/span> weiterlesen<\/a><\/p>\n","protected":false},"author":1,"featured_media":0,"parent":0,"menu_order":0,"comment_status":"closed","ping_status":"closed","template":"","meta":{"footnotes":""},"class_list":["post-905","page","type-page","status-publish","hentry"],"_links":{"self":[{"href":"https:\/\/aroniawohnen.ch\/wordpress\/index.php?rest_route=\/wp\/v2\/pages\/905","targetHints":{"allow":["GET"]}}],"collection":[{"href":"https:\/\/aroniawohnen.ch\/wordpress\/index.php?rest_route=\/wp\/v2\/pages"}],"about":[{"href":"https:\/\/aroniawohnen.ch\/wordpress\/index.php?rest_route=\/wp\/v2\/types\/page"}],"author":[{"embeddable":true,"href":"https:\/\/aroniawohnen.ch\/wordpress\/index.php?rest_route=\/wp\/v2\/users\/1"}],"replies":[{"embeddable":true,"href":"https:\/\/aroniawohnen.ch\/wordpress\/index.php?rest_route=%2Fwp%2Fv2%2Fcomments&post=905"}],"version-history":[{"count":1,"href":"https:\/\/aroniawohnen.ch\/wordpress\/index.php?rest_route=\/wp\/v2\/pages\/905\/revisions"}],"predecessor-version":[{"id":906,"href":"https:\/\/aroniawohnen.ch\/wordpress\/index.php?rest_route=\/wp\/v2\/pages\/905\/revisions\/906"}],"wp:attachment":[{"href":"https:\/\/aroniawohnen.ch\/wordpress\/index.php?rest_route=%2Fwp%2Fv2%2Fmedia&parent=905"}],"curies":[{"name":"wp","href":"https:\/\/api.w.org\/{rel}","templated":true}]}}