{"id":691,"date":"2023-01-09T17:38:06","date_gmt":"2023-01-09T15:38:06","guid":{"rendered":"https:\/\/aroniawohnen.ch\/wordpress\/?page_id=691"},"modified":"2025-04-24T10:57:26","modified_gmt":"2025-04-24T08:57:26","slug":"biodiverser-garten","status":"publish","type":"page","link":"https:\/\/aroniawohnen.ch\/wordpress\/?page_id=691","title":{"rendered":"Bauprojekt"},"content":{"rendered":"\n<p>Die H\u00e4user verf\u00fcgen \u00fcber grossz\u00fcgigen Umschwung und freie Aussicht zum Jura hin. Neben Gem\u00fcse- und Obstgarten bleibt Platz f\u00fcr neuen Wohnraum. Die Planungsarbeiten f\u00fcr Wohneinheiten f\u00fcr rund 20 Menschen und neue Gemeinschaftsr\u00e4ume haben wir im Januar 2025 aufgenommen.<\/p>\n\n\n\n<h2 class=\"wp-block-heading\">Bebauungsidee<\/h2>\n\n\n\n<p>Zwei erhaltenswerte Geb\u00e4ude in der Kernzone sowie ein \u00d6konomiegeb\u00e4ude sollen zusammen mit einem Neubau zu einem gemeinsamen Wohnprojekt verbunden werden.<\/p>\n\n\n\n<figure class=\"wp-block-image size-large\"><img loading=\"lazy\" decoding=\"async\" width=\"1024\" height=\"588\" src=\"https:\/\/aroniawohnen.ch\/wordpress\/wp-content\/uploads\/2022\/04\/Grundstueck-mit-Gebaeude-1024x588.jpg\" alt=\"\" class=\"wp-image-489\" srcset=\"https:\/\/aroniawohnen.ch\/wordpress\/wp-content\/uploads\/2022\/04\/Grundstueck-mit-Gebaeude-1024x588.jpg 1024w, https:\/\/aroniawohnen.ch\/wordpress\/wp-content\/uploads\/2022\/04\/Grundstueck-mit-Gebaeude-300x172.jpg 300w, https:\/\/aroniawohnen.ch\/wordpress\/wp-content\/uploads\/2022\/04\/Grundstueck-mit-Gebaeude-768x441.jpg 768w, https:\/\/aroniawohnen.ch\/wordpress\/wp-content\/uploads\/2022\/04\/Grundstueck-mit-Gebaeude.jpg 1107w\" sizes=\"auto, (max-width: 767px) 89vw, (max-width: 1000px) 54vw, (max-width: 1071px) 543px, 580px\" \/><\/figure>\n\n\n\n<div class=\"wp-block-columns is-layout-flex wp-container-core-columns-is-layout-9d6595d7 wp-block-columns-is-layout-flex\">\n<div class=\"wp-block-column is-vertically-aligned-center is-layout-flow wp-block-column-is-layout-flow\" style=\"flex-basis:100%\">\n<div class=\"wp-block-columns is-layout-flex wp-container-core-columns-is-layout-9d6595d7 wp-block-columns-is-layout-flex\">\n<div class=\"wp-block-column is-layout-flow wp-block-column-is-layout-flow\" style=\"flex-basis:100%\">\n<div class=\"wp-block-columns is-layout-flex wp-container-core-columns-is-layout-9d6595d7 wp-block-columns-is-layout-flex\">\n<div class=\"wp-block-column is-layout-flow wp-block-column-is-layout-flow\" style=\"flex-basis:100%\">\n<figure class=\"wp-block-table\"><table><tbody><tr><td>Bauland inkl. best. Geb\u00e4ude<br>2-geschossige Bauzone&nbsp;&nbsp;&nbsp;&nbsp;&nbsp;&nbsp;&nbsp;&nbsp;&nbsp;&nbsp;&nbsp;&nbsp;<\/td><td>3200 m2&nbsp;&nbsp;<\/td><\/tr><tr><td>Landwirtschaftszone<\/td><td>2000 m2<\/td><\/tr><tr><td>Gesamtwohnfl\u00e4che<\/td><td>1100-1300 m2<\/td><\/tr><tr><td>Wohnraum<\/td><td>ca. 13 Wohneinheiten: <br>1- 5-Zi-Wohnungen, Studios, WG<\/td><\/tr><tr><td>Bewohner*innen<\/td><td>30 &#8211; 40 Personen<\/td><\/tr><tr><td>Gemeinschaftsr\u00e4ume<\/td><td>Kultur- und Bewegungsraum, Werkstatt, Atelier, Grossk\u00fcche, Treffpunkt\/Caf\u00e9, Sauna,<br>Waschk\u00fcche, B\u00fcroraum, G\u00e4stezimmer, \u2026<\/td><\/tr><tr><td>Aussenbereich<\/td><td>Die Gestaltung soll vielseitig und anregend sein. Es entstehen naturnahe Begegnungszonen, kunstvolle Pl\u00e4tze f\u00fcr Ruhe, privates Sein und bewegtes Spiel.<br>Bei Obst- und Gem\u00fcseanbau orientieren wir uns an den Gedanken der Permakultur; Biodiversit\u00e4t ist ein wichtiges Ziel.<\/td><\/tr><tr><td>Projektentwicklung\/Planung&nbsp;<\/td><td>2021-2025<\/td><\/tr><tr><td>Umbauten<br>Baubeginn Neubauten<\/td><td>2023\/24<br>2026<\/td><\/tr><tr><td>Bezug Neubau&nbsp;&nbsp;&nbsp;<\/td><td>ab 2027<\/td><\/tr><\/tbody><\/table><\/figure>\n<\/div>\n<\/div>\n\n\n\n<h1 class=\"wp-block-heading\" id=\"anker4\">Fl\u00e4chenbedarf<\/h1>\n\n\n\n<p>Im Folgenden wird ein denkbarer Wohnungsmix vorgestellt. Jede Wohneinheit wird eine eigene Nasszelle sowie eine kleine K\u00fcche enthalten. Denkbar ist, dass Einzimmerwohnungen oder Studios auch in zwei R\u00e4ume unterteilt werden k\u00f6nnten.<\/p>\n\n\n\n<h6 class=\"wp-block-heading\">Wohnraum privat<\/h6>\n\n\n\n<figure class=\"wp-block-table\"><table><tbody><tr><td><\/td><td>Wohneinheiten<\/td><td>Zimmer<\/td><td>Personen<\/td><td>Fl\u00e4che<\/td><td>Fl\u00e4che<br>total<\/td><td>Fl\u00e4che<br>pro Person<\/td><\/tr><tr><td>4<\/td><td>Studio<\/td><td>4<\/td><td>4<\/td><td>30<\/td><td>120<\/td><td>30<\/td><\/tr><tr><td>4<\/td><td>Zweizimmer<\/td><td>8<\/td><td>8<\/td><td>49<\/td><td>196<\/td><td>25<\/td><\/tr><tr><td>1<\/td><td>Dreizimmer<\/td><td>3<\/td><td>2<\/td><td>70<\/td><td>70<\/td><td>35<\/td><\/tr><tr><td>2<\/td><td>Vierzimmer<\/td><td>8<\/td><td>7<\/td><td>84<\/td><td>168<\/td><td>24<\/td><\/tr><tr><td>2<\/td><td>F\u00fcnfzimmer<\/td><td>10<\/td><td>10<\/td><td>120<\/td><td>240<\/td><td>24<\/td><\/tr><tr><td><\/td><td><\/td><td><\/td><td><\/td><td><\/td><td><\/td><td><\/td><\/tr><tr><td><strong>13<\/strong><\/td><td><\/td><td><strong>33<\/strong><\/td><td><strong>31<\/strong><\/td><td><\/td><td><strong>794<\/strong><\/td><td><strong>26<\/strong><\/td><\/tr><\/tbody><\/table><\/figure>\n\n\n\n<h6 class=\"wp-block-heading\">Wohn- und Arbeitsr\u00e4ume gemeinsam<\/h6>\n\n\n\n<figure class=\"wp-block-table\"><table><tbody><tr><td>Raum<\/td><td>Zimmer<\/td><td>Fl\u00e4che<\/td><\/tr><tr><td>Essraum gross, laut, Caf\u00e9<\/td><td>1<\/td><td>90<\/td><\/tr><tr><td>Essraum ruhig, Stube, lesen<\/td><td>1<\/td><td>30<\/td><\/tr><tr><td>Gemeinschaftsk\u00fcche<\/td><td>2<\/td><td>20<\/td><\/tr><tr><td>Spielzimmer, Stube laut?<\/td><td>1<\/td><td>30<\/td><\/tr><tr><td>G\u00e4stezimmer<\/td><td>2<\/td><td>24<\/td><\/tr><tr><td>B\u00fcro, Homeoffice<\/td><td>1<\/td><td>20<\/td><\/tr><tr><td>Mal-, Bastel-, N\u00e4hatelier<\/td><td>1<\/td><td>20<\/td><\/tr><tr><td>Bewegungsraum, Kursraum, Musik, Meditation<\/td><td>1<\/td><td>80<\/td><\/tr><tr><td>Therapie, Massage, &#8230;<\/td><td>1<\/td><td>15<\/td><\/tr><tr><td>Sauna, Badewanne<\/td><td>1<\/td><td>16<\/td><\/tr><tr><td><\/td><td><\/td><td><\/td><\/tr><tr><td>Fl\u00e4chenbedarf Gemeinschaftsr\u00e4ume total<\/td><td><\/td><td>345<\/td><\/tr><\/tbody><\/table><\/figure>\n\n\n\n<h6 class=\"wp-block-heading\">Nebenr\u00e4ume<\/h6>\n\n\n\n<figure class=\"wp-block-table\"><table><tbody><tr><td>W\u00e4sche Raum<\/td><td>1<\/td><td>30<\/td><\/tr><tr><td>Holz-Werkstatt<\/td><td>1<\/td><td>30<\/td><\/tr><tr><td>Veloabstellraum<\/td><td>1<\/td><td>30<\/td><\/tr><tr><td>Tiefgarage, Abstellraum, Keller<\/td><td>1<\/td><td>100<\/td><\/tr><tr><td><\/td><td><\/td><td><\/td><\/tr><tr><td>Fl\u00e4chenbedarf Nebenr\u00e4ume total<\/td><td><\/td><td>190<\/td><\/tr><\/tbody><\/table><\/figure>\n\n\n\n<h6 class=\"wp-block-heading\">Zusammenfassung<\/h6>\n\n\n\n<figure class=\"wp-block-table\"><table><tbody><tr><td>Wohnraum privat<\/td><td>794 m<sup>2<\/sup><\/td><\/tr><tr><td>Gemeinschaftsr\u00e4ume<\/td><td>345 m<sup>2<\/sup><\/td><\/tr><tr><td>Nebenr\u00e4ume<\/td><td>190 m<sup>2<\/sup><\/td><\/tr><tr><td>Fl\u00e4chenbedarf total<\/td><td>1322 m<sup>2<\/sup><\/td><\/tr><tr><td>Fl\u00e4chenbedarf pro Bewohner*in<\/td><td>43 m<sup>2<\/sup><\/td><\/tr><tr><td>Fl\u00e4chenbedarf pro Bewohner*in ohne Nebenr\u00e4ume<\/td><td>36 m<sup>2<\/sup><\/td><\/tr><\/tbody><\/table><\/figure>\n<\/div>\n<\/div>\n<\/div>\n<\/div>\n\n\n\n<p>Zeitplan, Roadmap folgt<\/p>\n","protected":false},"excerpt":{"rendered":"<p>Die H\u00e4user verf\u00fcgen \u00fcber grossz\u00fcgigen Umschwung und freie Aussicht zum Jura hin. Neben Gem\u00fcse- und Obstgarten bleibt Platz f\u00fcr neuen Wohnraum. Die Planungsarbeiten f\u00fcr Wohneinheiten f\u00fcr rund 20 Menschen und neue Gemeinschaftsr\u00e4ume haben wir im Januar 2025 aufgenommen. Bebauungsidee Zwei erhaltenswerte Geb\u00e4ude in der Kernzone sowie ein \u00d6konomiegeb\u00e4ude sollen zusammen mit einem Neubau zu einem &hellip; <\/p>\n<p class=\"link-more\"><a href=\"https:\/\/aroniawohnen.ch\/wordpress\/?page_id=691\" class=\"more-link\"><span class=\"screen-reader-text\">&#171;Bauprojekt&#187;<\/span> weiterlesen<\/a><\/p>\n","protected":false},"author":1,"featured_media":0,"parent":0,"menu_order":0,"comment_status":"closed","ping_status":"closed","template":"","meta":{"footnotes":""},"class_list":["post-691","page","type-page","status-publish","hentry"],"_links":{"self":[{"href":"https:\/\/aroniawohnen.ch\/wordpress\/index.php?rest_route=\/wp\/v2\/pages\/691","targetHints":{"allow":["GET"]}}],"collection":[{"href":"https:\/\/aroniawohnen.ch\/wordpress\/index.php?rest_route=\/wp\/v2\/pages"}],"about":[{"href":"https:\/\/aroniawohnen.ch\/wordpress\/index.php?rest_route=\/wp\/v2\/types\/page"}],"author":[{"embeddable":true,"href":"https:\/\/aroniawohnen.ch\/wordpress\/index.php?rest_route=\/wp\/v2\/users\/1"}],"replies":[{"embeddable":true,"href":"https:\/\/aroniawohnen.ch\/wordpress\/index.php?rest_route=%2Fwp%2Fv2%2Fcomments&post=691"}],"version-history":[{"count":11,"href":"https:\/\/aroniawohnen.ch\/wordpress\/index.php?rest_route=\/wp\/v2\/pages\/691\/revisions"}],"predecessor-version":[{"id":940,"href":"https:\/\/aroniawohnen.ch\/wordpress\/index.php?rest_route=\/wp\/v2\/pages\/691\/revisions\/940"}],"wp:attachment":[{"href":"https:\/\/aroniawohnen.ch\/wordpress\/index.php?rest_route=%2Fwp%2Fv2%2Fmedia&parent=691"}],"curies":[{"name":"wp","href":"https:\/\/api.w.org\/{rel}","templated":true}]}}