{"id":235,"date":"2022-03-06T09:48:42","date_gmt":"2022-03-06T07:48:42","guid":{"rendered":"https:\/\/aroniawohnen.ch\/wordpress\/?page_id=235"},"modified":"2026-02-23T17:37:14","modified_gmt":"2026-02-23T15:37:14","slug":"hallo","status":"publish","type":"page","link":"https:\/\/aroniawohnen.ch\/wordpress\/","title":{"rendered":"Willkommen"},"content":{"rendered":"\n<p class=\"has-medium-font-size\"><\/p>\n\n\n\n<p>Wir wohnen  in zwei H\u00e4usern. Wir teilen K\u00fcchen, Stuben und Garten und sind interessiert an einer lebendigen Gemeinschaft. In n\u00e4herer Zukunft ist der Bau von weiterem Wohnraum geplant. Nach Fertigstellung soll Aronia Platz f\u00fcr rund 30 Menschen bieten.<\/p>\n\n\n\n<figure class=\"wp-block-gallery has-nested-images columns-default is-cropped wp-block-gallery-1 is-layout-flex wp-block-gallery-is-layout-flex\">\n<figure class=\"wp-block-image size-large\"><img loading=\"lazy\" decoding=\"async\" width=\"1024\" height=\"768\" data-id=\"864\" src=\"https:\/\/aroniawohnen.ch\/wordpress\/wp-content\/uploads\/2025\/02\/PHOTO-2025-02-25-10-25-43-1024x768.jpg\" alt=\"\" class=\"wp-image-864\" srcset=\"https:\/\/aroniawohnen.ch\/wordpress\/wp-content\/uploads\/2025\/02\/PHOTO-2025-02-25-10-25-43-1024x768.jpg 1024w, https:\/\/aroniawohnen.ch\/wordpress\/wp-content\/uploads\/2025\/02\/PHOTO-2025-02-25-10-25-43-300x225.jpg 300w, https:\/\/aroniawohnen.ch\/wordpress\/wp-content\/uploads\/2025\/02\/PHOTO-2025-02-25-10-25-43-768x576.jpg 768w, https:\/\/aroniawohnen.ch\/wordpress\/wp-content\/uploads\/2025\/02\/PHOTO-2025-02-25-10-25-43-1536x1152.jpg 1536w, https:\/\/aroniawohnen.ch\/wordpress\/wp-content\/uploads\/2025\/02\/PHOTO-2025-02-25-10-25-43.jpg 1600w\" sizes=\"auto, (max-width: 767px) 89vw, (max-width: 1000px) 54vw, (max-width: 1071px) 543px, 580px\" \/><\/figure>\n<\/figure>\n\n\n\n<p><\/p>\n","protected":false},"excerpt":{"rendered":"<p>Wir wohnen in zwei H\u00e4usern. Wir teilen K\u00fcchen, Stuben und Garten und sind interessiert an einer lebendigen Gemeinschaft. In n\u00e4herer Zukunft ist der Bau von weiterem Wohnraum geplant. Nach Fertigstellung soll Aronia Platz f\u00fcr rund 30 Menschen bieten.<\/p>\n","protected":false},"author":1,"featured_media":0,"parent":0,"menu_order":0,"comment_status":"closed","ping_status":"closed","template":"","meta":{"footnotes":""},"class_list":["post-235","page","type-page","status-publish","hentry"],"_links":{"self":[{"href":"https:\/\/aroniawohnen.ch\/wordpress\/index.php?rest_route=\/wp\/v2\/pages\/235","targetHints":{"allow":["GET"]}}],"collection":[{"href":"https:\/\/aroniawohnen.ch\/wordpress\/index.php?rest_route=\/wp\/v2\/pages"}],"about":[{"href":"https:\/\/aroniawohnen.ch\/wordpress\/index.php?rest_route=\/wp\/v2\/types\/page"}],"author":[{"embeddable":true,"href":"https:\/\/aroniawohnen.ch\/wordpress\/index.php?rest_route=\/wp\/v2\/users\/1"}],"replies":[{"embeddable":true,"href":"https:\/\/aroniawohnen.ch\/wordpress\/index.php?rest_route=%2Fwp%2Fv2%2Fcomments&post=235"}],"version-history":[{"count":33,"href":"https:\/\/aroniawohnen.ch\/wordpress\/index.php?rest_route=\/wp\/v2\/pages\/235\/revisions"}],"predecessor-version":[{"id":958,"href":"https:\/\/aroniawohnen.ch\/wordpress\/index.php?rest_route=\/wp\/v2\/pages\/235\/revisions\/958"}],"wp:attachment":[{"href":"https:\/\/aroniawohnen.ch\/wordpress\/index.php?rest_route=%2Fwp%2Fv2%2Fmedia&parent=235"}],"curies":[{"name":"wp","href":"https:\/\/api.w.org\/{rel}","templated":true}]}}